{"id":4886,"date":"2015-11-13T12:39:29","date_gmt":"2015-11-13T11:39:29","guid":{"rendered":"http:\/\/www.loubatieres.fr\/?page_id=4886"},"modified":"2022-02-11T07:19:57","modified_gmt":"2022-02-11T06:19:57","slug":"nous-contacter-2","status":"publish","type":"page","link":"https:\/\/www.loubatieres.fr\/?page_id=4886","title":{"rendered":"Nous contacter"},"content":{"rendered":"<p><strong>\u00c9ditions Loubati\u00e8res<\/strong><\/p>\n<p>Pour toute demande ou information concernant nos \u00e9ditions :<br \/>\n\u2013 par mail : contact[@]editions-loubatieres.fr<br \/>\n\u2013 par t\u00e9l\u00e9phone : 06 07 67 84 77<\/p>\n<p>&nbsp;<\/p>\n<p>Pour remettre un manuscrit : veuillez suivre ce <a href=\"https:\/\/www.loubatieres.fr\/?page_id=247\">lien<\/a><\/p>\n","protected":false},"excerpt":{"rendered":"<p>\u00c9ditions Loubati\u00e8res Pour toute demande ou information concernant nos \u00e9ditions : \u2013 par mail : contact[@]editions-loubatieres.fr \u2013 par t\u00e9l\u00e9phone : 06 07 67 84 77 &nbsp; Pour remettre un manuscrit : veuillez suivre ce lien<\/p>\n","protected":false},"author":1,"featured_media":0,"parent":0,"menu_order":0,"comment_status":"closed","ping_status":"closed","template":"","meta":[],"_links":{"self":[{"href":"https:\/\/www.loubatieres.fr\/index.php?rest_route=\/wp\/v2\/pages\/4886"}],"collection":[{"href":"https:\/\/www.loubatieres.fr\/index.php?rest_route=\/wp\/v2\/pages"}],"about":[{"href":"https:\/\/www.loubatieres.fr\/index.php?rest_route=\/wp\/v2\/types\/page"}],"author":[{"embeddable":true,"href":"https:\/\/www.loubatieres.fr\/index.php?rest_route=\/wp\/v2\/users\/1"}],"replies":[{"embeddable":true,"href":"https:\/\/www.loubatieres.fr\/index.php?rest_route=%2Fwp%2Fv2%2Fcomments&post=4886"}],"version-history":[{"count":5,"href":"https:\/\/www.loubatieres.fr\/index.php?rest_route=\/wp\/v2\/pages\/4886\/revisions"}],"predecessor-version":[{"id":6259,"href":"https:\/\/www.loubatieres.fr\/index.php?rest_route=\/wp\/v2\/pages\/4886\/revisions\/6259"}],"wp:attachment":[{"href":"https:\/\/www.loubatieres.fr\/index.php?rest_route=%2Fwp%2Fv2%2Fmedia&parent=4886"}],"curies":[{"name":"wp","href":"https:\/\/api.w.org\/{rel}","templated":true}]}}